{"id":16002,"date":"2021-01-09T13:32:37","date_gmt":"2021-01-09T12:32:37","guid":{"rendered":"https:\/\/lenoteket.se\/?page_id=16002"},"modified":"2025-04-07T21:06:39","modified_gmt":"2025-04-07T19:06:39","slug":"provningar-events","status":"publish","type":"page","link":"https:\/\/lenoteket.se\/?page_id=16002","title":{"rendered":"Provningar &#038; events"},"content":{"rendered":"\n\n<div class=\"wp-block-coblocks-posts is-style-stacked alignfull\"><div class=\"wp-block-coblocks-posts__inner has-columns has-2-columns has-responsive-columns has-square-image has-large-gutter\"><div class=\"wp-block-coblocks-posts__item\"><div class=\"wp-block-coblocks-posts__image\"><a href=\"https:\/\/lenoteket.se\/?p=17483\" class=\"bg-cover bg-center-center\" style=\"background-image:url(https:\/\/lenoteket.se\/wp-content\/uploads\/2026\/03\/1773097693101-1.png)\"><\/a><\/div><div class=\"wp-block-coblocks-posts__content\"><a href=\"https:\/\/lenoteket.se\/?p=17483\" alt=\"<font dir=\"auto\" style=\"vertical-align: inherit;\"><font dir=\"auto\" style=\"vertical-align: inherit;\">Wine &amp; Music Saturday Night &#8211; 25th April 2026 <\/font><\/font>&#8221;><font dir=\"auto\" style=\"vertical-align: inherit;\"><font dir=\"auto\" style=\"vertical-align: inherit;\">Wine &amp; Music Saturday Night &#8211; 25th April 2026 <\/font><\/font><\/a><div class=\"wp-block-coblocks-posts__excerpt\">Dj Set at l Enoteket ! Saturday night from 20:00. Come for the wine , stay for the dance!<\/div><\/div><\/div><div class=\"wp-block-coblocks-posts__item\"><div class=\"wp-block-coblocks-posts__image\"><a href=\"https:\/\/lenoteket.se\/?p=17434\" class=\"bg-cover bg-center-center\" style=\"background-image:url(https:\/\/lenoteket.se\/wp-content\/uploads\/2026\/02\/file_00000000e58072469363b5a9d3b8e248.png)\"><\/a><\/div><div class=\"wp-block-coblocks-posts__content\"><a href=\"https:\/\/lenoteket.se\/?p=17434\" alt=\"Resa till Bourgogne &#8211; 27 April 2026\">Resa till Bourgogne &#8211; 27 April 2026<\/a><div class=\"wp-block-coblocks-posts__excerpt\">F\u00f6lj med oss p\u00e5 en exklusiv kv\u00e4ll till\u00e4gnad elegansen och djupet i Bourgogne.Vi inleder med en elegant Cr\u00e9mant de Bourgogne, f\u00f6ljt av ett prestigefyllt vitt vin fr\u00e5n Meursault \u2013 Les &hellip; <\/div><\/div><\/div><div class=\"wp-block-coblocks-posts__item\"><div class=\"wp-block-coblocks-posts__image\"><a href=\"https:\/\/lenoteket.se\/?p=17423\" class=\"bg-cover bg-center-center\" style=\"background-image:url(https:\/\/lenoteket.se\/wp-content\/uploads\/2026\/02\/domaine-laroche.jpg)\"><\/a><\/div><div class=\"wp-block-coblocks-posts__content\"><a href=\"https:\/\/lenoteket.se\/?p=17423\" alt=\"Vinmakarh\u00f6rnan med Audrey fr\u00e5n Domain LaRoche (Chablis) &#8211; Fredag 6 februari 2026\">Vinmakarh\u00f6rnan med Audrey fr\u00e5n Domain LaRoche (Chablis) &#8211; Fredag 6 februari 2026<\/a><div class=\"wp-block-coblocks-posts__excerpt\">Winemaker Corner at L&#039;Enoteket \ud83c\udf77 Fredag \u200b\u200b6 februari 2026 kl. 16:00 till 17:30 f\u00e5r vi bes\u00f6k av Audrey fr\u00e5n Domaine Laroche i Chablis! f\u00f6r Audrey fr\u00e5n Domaine Laroche i Chablis! &hellip; <\/div><\/div><\/div><div class=\"wp-block-coblocks-posts__item\"><div class=\"wp-block-coblocks-posts__image\"><a href=\"https:\/\/lenoteket.se\/?p=17414\" class=\"bg-cover bg-center-center\" style=\"background-image:url(https:\/\/lenoteket.se\/wp-content\/uploads\/2026\/02\/1769974411545.png)\"><\/a><\/div><div class=\"wp-block-coblocks-posts__content\"><a href=\"https:\/\/lenoteket.se\/?p=17414\" alt=\"Alla hj\u00e4rtans dag &#8211; 14 Februari 2026\">Alla hj\u00e4rtans dag &#8211; 14 Februari 2026<\/a><div class=\"wp-block-coblocks-posts__excerpt\">K\u00e4rlekens dag n\u00e4rmar sig och varf\u00f6r inte boka bord f\u00f6r dig och n\u00e5gon som \u00e4r speciel f\u00f6r dig! P\u00e5 alla hj\u00e4rtans dag kommer vi att ha en annan meny \u00e4n &hellip; <\/div><\/div><\/div><div class=\"wp-block-coblocks-posts__item\"><div class=\"wp-block-coblocks-posts__image\"><a href=\"https:\/\/lenoteket.se\/?p=17403\" class=\"bg-cover bg-center-center\" style=\"background-image:url(https:\/\/lenoteket.se\/wp-content\/uploads\/2026\/01\/file_00000000f0b47246b4d2fedb1cd0a3bf.png)\"><\/a><\/div><div class=\"wp-block-coblocks-posts__content\"><a href=\"https:\/\/lenoteket.se\/?p=17403\" alt=\"Kvinnliga vinmakare &#8211; 9 Mars 2026\">Kvinnliga vinmakare &#8211; 9 Mars 2026<\/a><div class=\"wp-block-coblocks-posts__excerpt\">The vine is female.Rooted in strength, shaped by sensitivity, and guided by intuition.At Lenoteket, we celebrate International Women\u2019s Day with a wine tasting dedicated to women \u2014 honoring those who &hellip; <\/div><\/div><\/div><div class=\"wp-block-coblocks-posts__item\"><div class=\"wp-block-coblocks-posts__image\"><a href=\"https:\/\/lenoteket.se\/?p=17379\" class=\"bg-cover bg-center-center\" style=\"background-image:url(https:\/\/lenoteket.se\/wp-content\/uploads\/2025\/12\/tuscany-tasting.png)\"><\/a><\/div><div class=\"wp-block-coblocks-posts__content\"><a href=\"https:\/\/lenoteket.se\/?p=17379\" alt=\"<font dir=\"auto\" style=\"vertical-align: inherit;\"><font dir=\"auto\" style=\"vertical-align: inherit;\">Premium Tuscan Wines &#8211; March 30, 2026<\/font><\/font>&#8221;><font dir=\"auto\" style=\"vertical-align: inherit;\"><font dir=\"auto\" style=\"vertical-align: inherit;\">Premium Tuscan Wines &#8211; March 30, 2026<\/font><\/font><\/a><div class=\"wp-block-coblocks-posts__excerpt\">Ikv\u00e4ll tar vi oss genom viner som har format den italienska vinets historia.Ber\u00e4ttelser om ett magiskt land, d\u00e4r tradition m\u00f6ter innovation, och d\u00e4r mod och vision har f\u00f6rvandlat dr\u00f6mmar till &hellip; <\/div><\/div><\/div><div class=\"wp-block-coblocks-posts__item\"><div class=\"wp-block-coblocks-posts__image\"><a href=\"https:\/\/lenoteket.se\/?p=17367\" class=\"bg-cover bg-center-center\" style=\"background-image:url(https:\/\/lenoteket.se\/wp-content\/uploads\/2025\/12\/europas-tasting.jpg)\"><\/a><\/div><div class=\"wp-block-coblocks-posts__content\"><a href=\"https:\/\/lenoteket.se\/?p=17367\" alt=\"Europas B\u00e4sta R\u00f6davin 9 Febrari 2026\">Europas B\u00e4sta R\u00f6davin 9 Febrari 2026<\/a><div class=\"wp-block-coblocks-posts__excerpt\">Missa inte Wine Train! Hoppa ombord n\u00e4r vi reser genom Europas mest prestigefyllda vinregioner. Fr\u00e5n Italiens charmiga kaos till Frankrikes eleganta sj\u00e4lvf\u00f6rtroende, Tysklands perfektion, Spaniens festhum\u00f6r och Portugals varma sj\u00e4l &hellip; <\/div><\/div><\/div><div class=\"wp-block-coblocks-posts__item\"><div class=\"wp-block-coblocks-posts__image\"><a href=\"https:\/\/lenoteket.se\/?p=17342\" class=\"bg-cover bg-center-center\" style=\"background-image:url(https:\/\/lenoteket.se\/wp-content\/uploads\/2025\/12\/vitigni.jpg)\"><\/a><\/div><div class=\"wp-block-coblocks-posts__content\"><a href=\"https:\/\/lenoteket.se\/?p=17342\" alt=\"Ok\u00e4nda Italienska Druvasorter 19 Januari 2026\">Ok\u00e4nda Italienska Druvasorter 19 Januari 2026<\/a><div class=\"wp-block-coblocks-posts__excerpt\">Visste du att Italien har cirka 550 inhemska druvsorter? G\u00f6r dig redo f\u00f6r en kv\u00e4ll d\u00e4r du f\u00e5r uppt\u00e4cka s\u00e4llsynta, n\u00e4stan bortgl\u00f6mda druvor och unika distinkta viner \u2013 som bara &hellip; <\/div><\/div><\/div><div class=\"wp-block-coblocks-posts__item\"><div class=\"wp-block-coblocks-posts__image\"><a href=\"https:\/\/lenoteket.se\/?p=17304\" class=\"bg-cover bg-center-center\" style=\"background-image:url(https:\/\/lenoteket.se\/wp-content\/uploads\/2025\/11\/1763508343969-1-scaled.jpg)\"><\/a><\/div><div class=\"wp-block-coblocks-posts__content\"><a href=\"https:\/\/lenoteket.se\/?p=17304\" alt=\"Barolo Veckan\ud83c\udf7724-30 November 2025\">Barolo Veckan\ud83c\udf7724-30 November 2025<\/a><div class=\"wp-block-coblocks-posts__excerpt\">Hela veckan serverar vi 3 halv glas av Barolo f\u00f6r 300 kr \u2013 en resa genom olika \u00e5rg\u00e5ngar och stilar av Vinernas Kung.Du f\u00e5r chansen att smaka p\u00e5 fantastiska Barolo-viner &hellip; <\/div><\/div><\/div><div class=\"wp-block-coblocks-posts__item\"><div class=\"wp-block-coblocks-posts__image\"><a href=\"https:\/\/lenoteket.se\/?p=17294\" class=\"bg-cover bg-center-center\" style=\"background-image:url(https:\/\/lenoteket.se\/wp-content\/uploads\/2025\/11\/beaujolais-noveau.jpg)\"><\/a><\/div><div class=\"wp-block-coblocks-posts__content\"><a href=\"https:\/\/lenoteket.se\/?p=17294\" alt=\"Beaujolais Noveau 2025\">Beaujolais Noveau 2025<\/a><div class=\"wp-block-coblocks-posts__excerpt\">Den 20:a november 2025 vill vi bjuda in er, v\u00e5ra k\u00e4ra g\u00e4ster att fira en flera hundra \u00e5r gammal tradition tillsammans med oss. N\u00e4mligen att le Beaujolais nouveau est arriv\u00e9 &hellip; <\/div><\/div><\/div><div class=\"wp-block-coblocks-posts__item\"><div class=\"wp-block-coblocks-posts__image\"><a href=\"https:\/\/lenoteket.se\/?p=17244\" class=\"bg-cover bg-center-center\" style=\"background-image:url(https:\/\/lenoteket.se\/wp-content\/uploads\/2025\/10\/Champagne-tasting-scaled.jpeg)\"><\/a><\/div><div class=\"wp-block-coblocks-posts__content\"><a href=\"https:\/\/lenoteket.se\/?p=17244\" alt=\"Champagne f\u00f6r alla- 8 December 2025\">Champagne f\u00f6r alla- 8 December 2025<\/a><div class=\"wp-block-coblocks-posts__excerpt\">December, julen \u00e4r precis runt h\u00f6rnet, det r\u00e5der en festlig st\u00e4mning ochvi vill alla fira och sk\u00e5la med v\u00e5ra n\u00e4ra och k\u00e4ra. Varf\u00f6r n\u00f6ja sig medett gott mousserande vin n\u00e4r &hellip; <\/div><\/div><\/div><div class=\"wp-block-coblocks-posts__item\"><div class=\"wp-block-coblocks-posts__image\"><a href=\"https:\/\/lenoteket.se\/?p=17227\" class=\"bg-cover bg-center-center\" style=\"background-image:url(https:\/\/lenoteket.se\/wp-content\/uploads\/2025\/09\/shutterstock_2423130701-scaled-1.jpg)\"><\/a><\/div><div class=\"wp-block-coblocks-posts__content\"><a href=\"https:\/\/lenoteket.se\/?p=17227\" alt=\"Ost &amp; Vinprovning &#8211; 24 November 2025\">Ost &amp; Vinprovning &#8211; 24 November 2025<\/a><div class=\"wp-block-coblocks-posts__excerpt\">Ost &amp; vin \u2013 en sj\u00e4lvklar kombination, men hur kombinerar man egentligen vin och ost f\u00f6r att f\u00e5 ut det b\u00e4sta av b\u00e5da? Ostexperter fr\u00e5n Ostabengtsson och v\u00e5r sommellier guidar &hellip; <\/div><\/div><\/div><div class=\"wp-block-coblocks-posts__item\"><div class=\"wp-block-coblocks-posts__image\"><a href=\"https:\/\/lenoteket.se\/?p=17180\" class=\"bg-cover bg-center-center\" style=\"background-image:url(https:\/\/lenoteket.se\/wp-content\/uploads\/2025\/09\/pexels-photo-19062958-19062958-scaled.jpg)\"><\/a><\/div><div class=\"wp-block-coblocks-posts__content\"><a href=\"https:\/\/lenoteket.se\/?p=17180\" alt=\"Piemonte viner och delikatesser &#8211; 20 Oct 2025\">Piemonte viner och delikatesser &#8211; 20 Oct 2025<\/a><div class=\"wp-block-coblocks-posts__excerpt\">L\u00e5t oss resa till Piemonte i- ngen flygbiljett beh\u00f6vs! Med \u00f6ppna sinnen \u00e4r ni varmt v\u00e4lkomna till v\u00e5r bar d\u00e4r vi testar allt fr\u00e5n frisk Arneis, h\u00e4rligt doftande Ruch\u00e9, till &hellip; <\/div><\/div><\/div><div class=\"wp-block-coblocks-posts__item\"><div class=\"wp-block-coblocks-posts__image\"><a href=\"https:\/\/lenoteket.se\/?p=17185\" class=\"bg-cover bg-center-center\" style=\"background-image:url(https:\/\/lenoteket.se\/wp-content\/uploads\/2025\/08\/Naturvin.jpg)\"><\/a><\/div><div class=\"wp-block-coblocks-posts__content\"><a href=\"https:\/\/lenoteket.se\/?p=17185\" alt=\"Uppt\u00e4ck Naturviner &#8211; 15 sept 2025\">Uppt\u00e4ck Naturviner &#8211; 15 sept 2025<\/a><div class=\"wp-block-coblocks-posts__excerpt\">Kom med ett \u00f6ppet sinne och prova naturviner som smakar vin. Kanske hittar du din f\u00f6rsta Pet Nat eller n\u00e5got ofiltrerat r\u00f6tt eller vitt vin som blir en ny favorit. &hellip; <\/div><\/div><\/div><div class=\"wp-block-coblocks-posts__item\"><div class=\"wp-block-coblocks-posts__image\"><a href=\"https:\/\/lenoteket.se\/?p=16786\" class=\"bg-cover bg-center-center\" style=\"background-image:url(https:\/\/lenoteket.se\/wp-content\/uploads\/2021\/07\/Riesling.jpeg)\"><\/a><\/div><div class=\"wp-block-coblocks-posts__content\"><a href=\"https:\/\/lenoteket.se\/?p=16786\" alt=\"Ungern, mer \u00e4n bara Tokaj &#8211; 19 maj 2025\">Ungern, mer \u00e4n bara Tokaj &#8211; 19 maj 2025<\/a><div class=\"wp-block-coblocks-posts__excerpt\">Ungern \u00e4r mest k\u00e4nt f\u00f6r sitt s\u00f6ta dessertvin Tokaj Asz\u00fa. Denna kv\u00e4llen reser vi runt i flera av Ungerns 23 vinregioner och uppt\u00e4cker andra guldklimpar.<\/div><\/div><\/div><div class=\"wp-block-coblocks-posts__item\"><div class=\"wp-block-coblocks-posts__image\"><a href=\"https:\/\/lenoteket.se\/?p=16762\" class=\"bg-cover bg-center-center\" style=\"background-image:url(https:\/\/lenoteket.se\/wp-content\/uploads\/2021\/01\/Bourgogne_1120x490.jpg)\"><\/a><\/div><div class=\"wp-block-coblocks-posts__content\"><a href=\"https:\/\/lenoteket.se\/?p=16762\" alt=\"Bourgogne Rouge Y Blanc &#8211; 27 jan 2025\">Bourgogne Rouge Y Blanc &#8211; 27 jan 2025<\/a><div class=\"wp-block-coblocks-posts__excerpt\">Vi kommer att prova toppviner fr\u00e5n k\u00e4nda appellationer i Bourgogne . Fr\u00e5n norr till s\u00f6der och fr\u00e5n r\u00f6tt till vitt. Tv\u00e5 vita och tre r\u00f6da kommer att serveras tillsammans med &hellip; <\/div><\/div><\/div><div class=\"wp-block-coblocks-posts__item\"><div class=\"wp-block-coblocks-posts__image\"><a href=\"https:\/\/lenoteket.se\/?p=16766\" class=\"bg-cover bg-center-center\" style=\"background-image:url(https:\/\/lenoteket.se\/wp-content\/uploads\/2024\/12\/P1450927.jpg)\"><\/a><\/div><div class=\"wp-block-coblocks-posts__content\"><a href=\"https:\/\/lenoteket.se\/?p=16766\" alt=\"Tuff Tuff vinet V\u00e4rldspremi\u00e4r &#8211; 11 feb 2025\">Tuff Tuff vinet V\u00e4rldspremi\u00e4r &#8211; 11 feb 2025<\/a><div class=\"wp-block-coblocks-posts__excerpt\">Tuff Tuff! Vinet vi sj\u00e4lva g\u00f6r i Malm\u00f6 p\u00e5 Lokstallarna , d\u00e4rav namnet. F\u00f6rsta sk\u00f6rden och f\u00f6rsta g\u00e5ngen ni kan prova detta mytomspunna vin. H\u00e4rodlat, superekologiskt, handplockat och handkpressat. D\u00e5 &hellip; <\/div><\/div><\/div><div class=\"wp-block-coblocks-posts__item\"><div class=\"wp-block-coblocks-posts__image\"><a href=\"https:\/\/lenoteket.se\/?p=16770\" class=\"bg-cover bg-center-center\" style=\"background-image:url(https:\/\/lenoteket.se\/wp-content\/uploads\/2024\/12\/Que-ver-en-Toscana.jpg)\"><\/a><\/div><div class=\"wp-block-coblocks-posts__content\"><a href=\"https:\/\/lenoteket.se\/?p=16770\" alt=\"Toscanas Vinregioner &#8211; 3 mars 2025\">Toscanas Vinregioner &#8211; 3 mars 2025<\/a><div class=\"wp-block-coblocks-posts__excerpt\">Toscana \u00e4r inte bara en vinregion utan best\u00e5r av flera mer eller mindre k\u00e4nda vinregioner (appellationer) s\u00e5som Chianti, Bolgheri, Montalcino, Maremma som vi kommer att bes\u00f6ka. Toscana \u00e4r inte heller &hellip; <\/div><\/div><\/div><div class=\"wp-block-coblocks-posts__item\"><div class=\"wp-block-coblocks-posts__image\"><a href=\"https:\/\/lenoteket.se\/?p=16775\" class=\"bg-cover bg-center-center\" style=\"background-image:url(https:\/\/lenoteket.se\/wp-content\/uploads\/2024\/12\/Spanien-Karte-Weinregionen.png)\"><\/a><\/div><div class=\"wp-block-coblocks-posts__content\"><a href=\"https:\/\/lenoteket.se\/?p=16775\" alt=\"spanien runt &#8211; 31 mars 2025\">spanien runt &#8211; 31 mars 2025<\/a><div class=\"wp-block-coblocks-posts__excerpt\">La Vuelta startar tidigare i \u00e5r. Vi g\u00f6r en resa runt i Spanien och testar olika druvor, olika stilar fr\u00e5n olika vinregioner. Till vinerna serveras passande kallskuret. M\u00e5lg\u00e5ngen sker i &hellip; <\/div><\/div><\/div><div class=\"wp-block-coblocks-posts__item\"><div class=\"wp-block-coblocks-posts__image\"><a href=\"https:\/\/lenoteket.se\/?p=16779\" class=\"bg-cover bg-center-center\" style=\"background-image:url(https:\/\/lenoteket.se\/wp-content\/uploads\/2024\/10\/Bubbel2.jpg)\"><\/a><\/div><div class=\"wp-block-coblocks-posts__content\"><a href=\"https:\/\/lenoteket.se\/?p=16779\" alt=\"Udda bubblor &#8211; 28 apr 2025\">Udda bubblor &#8211; 28 apr 2025<\/a><div class=\"wp-block-coblocks-posts__excerpt\">Bubblor! Ikv\u00e4ll kommer vi att smaka oss igenom mousserande viner men ej de klassiska s\u00e5som Champagne, Prosecco, Cava och Cremant. Det g\u00f6rs komplexa samt roliga mousserande viner i andra delar &hellip; <\/div><\/div><\/div><\/div><\/div>","protected":false},"excerpt":{"rendered":"","protected":false},"author":1,"featured_media":15790,"parent":0,"menu_order":0,"comment_status":"closed","ping_status":"closed","template":"template-cover.php","meta":{"saved_in_kubio":true,"_coblocks_attr":"","_coblocks_dimensions":"","_coblocks_responsive_height":"","_coblocks_accordion_ie_support":"","_uag_custom_page_level_css":"","_themeisle_gutenberg_block_has_review":false,"footnotes":""},"class_list":["post-16002","page","type-page","status-publish","has-post-thumbnail","hentry"],"kubio_ai_page_context":{"short_desc":"","purpose":"general"},"yoast_head":"<!-- This site is optimized with the Yoast SEO plugin v26.3 - https:\/\/yoast.com\/wordpress\/plugins\/seo\/ -->\n<title>Provningar &amp; events - Lenoteket<\/title>\n<meta name=\"robots\" content=\"index, follow, max-snippet:-1, max-image-preview:large, max-video-preview:-1\" \/>\n<link rel=\"canonical\" href=\"https:\/\/lenoteket.se\/?page_id=16002\" \/>\n<meta property=\"og:locale\" content=\"sv_SE\" \/>\n<meta property=\"og:type\" content=\"article\" \/>\n<meta property=\"og:title\" content=\"Provningar &amp; events - Lenoteket\" \/>\n<meta property=\"og:url\" content=\"https:\/\/lenoteket.se\/?page_id=16002\" \/>\n<meta property=\"og:site_name\" content=\"Lenoteket\" \/>\n<meta property=\"article:modified_time\" content=\"2025-04-07T19:06:39+00:00\" \/>\n<meta property=\"og:image\" content=\"https:\/\/lenoteket.se\/wp-content\/uploads\/2020\/07\/Lenoteque_004.jpg\" \/>\n\t<meta property=\"og:image:width\" content=\"2500\" \/>\n\t<meta property=\"og:image:height\" content=\"1667\" \/>\n\t<meta property=\"og:image:type\" content=\"image\/jpeg\" \/>\n<meta name=\"twitter:card\" content=\"summary_large_image\" \/>\n<script type=\"application\/ld+json\" class=\"yoast-schema-graph\">{\"@context\":\"https:\/\/schema.org\",\"@graph\":[{\"@type\":\"WebPage\",\"@id\":\"https:\/\/lenoteket.se\/?page_id=16002\",\"url\":\"https:\/\/lenoteket.se\/?page_id=16002\",\"name\":\"Provningar & events - Lenoteket\",\"isPartOf\":{\"@id\":\"https:\/\/lenoteket.se\/#website\"},\"primaryImageOfPage\":{\"@id\":\"https:\/\/lenoteket.se\/?page_id=16002#primaryimage\"},\"image\":{\"@id\":\"https:\/\/lenoteket.se\/?page_id=16002#primaryimage\"},\"thumbnailUrl\":\"https:\/\/lenoteket.se\/wp-content\/uploads\/2020\/07\/Lenoteque_004.jpg\",\"datePublished\":\"2021-01-09T12:32:37+00:00\",\"dateModified\":\"2025-04-07T19:06:39+00:00\",\"breadcrumb\":{\"@id\":\"https:\/\/lenoteket.se\/?page_id=16002#breadcrumb\"},\"inLanguage\":\"sv-SE\",\"potentialAction\":[{\"@type\":\"ReadAction\",\"target\":[\"https:\/\/lenoteket.se\/?page_id=16002\"]}]},{\"@type\":\"ImageObject\",\"inLanguage\":\"sv-SE\",\"@id\":\"https:\/\/lenoteket.se\/?page_id=16002#primaryimage\",\"url\":\"https:\/\/lenoteket.se\/wp-content\/uploads\/2020\/07\/Lenoteque_004.jpg\",\"contentUrl\":\"https:\/\/lenoteket.se\/wp-content\/uploads\/2020\/07\/Lenoteque_004.jpg\",\"width\":2500,\"height\":1667},{\"@type\":\"BreadcrumbList\",\"@id\":\"https:\/\/lenoteket.se\/?page_id=16002#breadcrumb\",\"itemListElement\":[{\"@type\":\"ListItem\",\"position\":1,\"name\":\"Hem\",\"item\":\"https:\/\/lenoteket.se\/\"},{\"@type\":\"ListItem\",\"position\":2,\"name\":\"Provningar &#038; events\"}]},{\"@type\":\"WebSite\",\"@id\":\"https:\/\/lenoteket.se\/#website\",\"url\":\"https:\/\/lenoteket.se\/\",\"name\":\"Lenoteket\",\"description\":\"\",\"publisher\":{\"@id\":\"https:\/\/lenoteket.se\/#organization\"},\"potentialAction\":[{\"@type\":\"SearchAction\",\"target\":{\"@type\":\"EntryPoint\",\"urlTemplate\":\"https:\/\/lenoteket.se\/?s={search_term_string}\"},\"query-input\":{\"@type\":\"PropertyValueSpecification\",\"valueRequired\":true,\"valueName\":\"search_term_string\"}}],\"inLanguage\":\"sv-SE\"},{\"@type\":\"Organization\",\"@id\":\"https:\/\/lenoteket.se\/#organization\",\"name\":\"Lenoteket\",\"url\":\"https:\/\/lenoteket.se\/\",\"logo\":{\"@type\":\"ImageObject\",\"inLanguage\":\"sv-SE\",\"@id\":\"https:\/\/lenoteket.se\/#\/schema\/logo\/image\/\",\"url\":\"https:\/\/lenoteket.se\/wp-content\/uploads\/2025\/03\/cropped-images-1.png\",\"contentUrl\":\"https:\/\/lenoteket.se\/wp-content\/uploads\/2025\/03\/cropped-images-1.png\",\"width\":512,\"height\":512,\"caption\":\"Lenoteket\"},\"image\":{\"@id\":\"https:\/\/lenoteket.se\/#\/schema\/logo\/image\/\"}}]}<\/script>\n<!-- \/ Yoast SEO plugin. -->","yoast_head_json":{"title":"Provningar & events - Lenoteket","robots":{"index":"index","follow":"follow","max-snippet":"max-snippet:-1","max-image-preview":"max-image-preview:large","max-video-preview":"max-video-preview:-1"},"canonical":"https:\/\/lenoteket.se\/?page_id=16002","og_locale":"sv_SE","og_type":"article","og_title":"Provningar & events - Lenoteket","og_url":"https:\/\/lenoteket.se\/?page_id=16002","og_site_name":"Lenoteket","article_modified_time":"2025-04-07T19:06:39+00:00","og_image":[{"width":2500,"height":1667,"url":"https:\/\/lenoteket.se\/wp-content\/uploads\/2020\/07\/Lenoteque_004.jpg","type":"image\/jpeg"}],"twitter_card":"summary_large_image","schema":{"@context":"https:\/\/schema.org","@graph":[{"@type":"WebPage","@id":"https:\/\/lenoteket.se\/?page_id=16002","url":"https:\/\/lenoteket.se\/?page_id=16002","name":"Provningar & events - Lenoteket","isPartOf":{"@id":"https:\/\/lenoteket.se\/#website"},"primaryImageOfPage":{"@id":"https:\/\/lenoteket.se\/?page_id=16002#primaryimage"},"image":{"@id":"https:\/\/lenoteket.se\/?page_id=16002#primaryimage"},"thumbnailUrl":"https:\/\/lenoteket.se\/wp-content\/uploads\/2020\/07\/Lenoteque_004.jpg","datePublished":"2021-01-09T12:32:37+00:00","dateModified":"2025-04-07T19:06:39+00:00","breadcrumb":{"@id":"https:\/\/lenoteket.se\/?page_id=16002#breadcrumb"},"inLanguage":"sv-SE","potentialAction":[{"@type":"ReadAction","target":["https:\/\/lenoteket.se\/?page_id=16002"]}]},{"@type":"ImageObject","inLanguage":"sv-SE","@id":"https:\/\/lenoteket.se\/?page_id=16002#primaryimage","url":"https:\/\/lenoteket.se\/wp-content\/uploads\/2020\/07\/Lenoteque_004.jpg","contentUrl":"https:\/\/lenoteket.se\/wp-content\/uploads\/2020\/07\/Lenoteque_004.jpg","width":2500,"height":1667},{"@type":"BreadcrumbList","@id":"https:\/\/lenoteket.se\/?page_id=16002#breadcrumb","itemListElement":[{"@type":"ListItem","position":1,"name":"Hem","item":"https:\/\/lenoteket.se\/"},{"@type":"ListItem","position":2,"name":"Provningar &#038; events"}]},{"@type":"WebSite","@id":"https:\/\/lenoteket.se\/#website","url":"https:\/\/lenoteket.se\/","name":"Lenoteket","description":"","publisher":{"@id":"https:\/\/lenoteket.se\/#organization"},"potentialAction":[{"@type":"SearchAction","target":{"@type":"EntryPoint","urlTemplate":"https:\/\/lenoteket.se\/?s={search_term_string}"},"query-input":{"@type":"PropertyValueSpecification","valueRequired":true,"valueName":"search_term_string"}}],"inLanguage":"sv-SE"},{"@type":"Organization","@id":"https:\/\/lenoteket.se\/#organization","name":"Lenoteket","url":"https:\/\/lenoteket.se\/","logo":{"@type":"ImageObject","inLanguage":"sv-SE","@id":"https:\/\/lenoteket.se\/#\/schema\/logo\/image\/","url":"https:\/\/lenoteket.se\/wp-content\/uploads\/2025\/03\/cropped-images-1.png","contentUrl":"https:\/\/lenoteket.se\/wp-content\/uploads\/2025\/03\/cropped-images-1.png","width":512,"height":512,"caption":"Lenoteket"},"image":{"@id":"https:\/\/lenoteket.se\/#\/schema\/logo\/image\/"}}]}},"uagb_featured_image_src":{"full":["https:\/\/lenoteket.se\/wp-content\/uploads\/2020\/07\/Lenoteque_004.jpg",2500,1667,false],"thumbnail":["https:\/\/lenoteket.se\/wp-content\/uploads\/2020\/07\/Lenoteque_004-600x600.jpg",600,600,true],"medium":["https:\/\/lenoteket.se\/wp-content\/uploads\/2020\/07\/Lenoteque_004-600x400.jpg",600,400,true],"medium_large":["https:\/\/lenoteket.se\/wp-content\/uploads\/2020\/07\/Lenoteque_004-768x512.jpg",768,512,true],"large":["https:\/\/lenoteket.se\/wp-content\/uploads\/2020\/07\/Lenoteque_004-1024x683.jpg",1024,683,true],"1536x1536":["https:\/\/lenoteket.se\/wp-content\/uploads\/2020\/07\/Lenoteque_004-1536x1024.jpg",1536,1024,true],"2048x2048":["https:\/\/lenoteket.se\/wp-content\/uploads\/2020\/07\/Lenoteque_004-2048x1366.jpg",2048,1366,true],"kubio-fullhd":["https:\/\/lenoteket.se\/wp-content\/uploads\/2020\/07\/Lenoteque_004.jpg",1620,1080,false]},"uagb_author_info":{"display_name":"Admin","author_link":"https:\/\/lenoteket.se\/?author=1"},"uagb_comment_info":0,"uagb_excerpt":null,"_links":{"self":[{"href":"https:\/\/lenoteket.se\/index.php?rest_route=\/wp\/v2\/pages\/16002","targetHints":{"allow":["GET"]}}],"collection":[{"href":"https:\/\/lenoteket.se\/index.php?rest_route=\/wp\/v2\/pages"}],"about":[{"href":"https:\/\/lenoteket.se\/index.php?rest_route=\/wp\/v2\/types\/page"}],"author":[{"embeddable":true,"href":"https:\/\/lenoteket.se\/index.php?rest_route=\/wp\/v2\/users\/1"}],"replies":[{"embeddable":true,"href":"https:\/\/lenoteket.se\/index.php?rest_route=%2Fwp%2Fv2%2Fcomments&post=16002"}],"version-history":[{"count":6,"href":"https:\/\/lenoteket.se\/index.php?rest_route=\/wp\/v2\/pages\/16002\/revisions"}],"predecessor-version":[{"id":17111,"href":"https:\/\/lenoteket.se\/index.php?rest_route=\/wp\/v2\/pages\/16002\/revisions\/17111"}],"wp:featuredmedia":[{"embeddable":true,"href":"https:\/\/lenoteket.se\/index.php?rest_route=\/wp\/v2\/media\/15790"}],"wp:attachment":[{"href":"https:\/\/lenoteket.se\/index.php?rest_route=%2Fwp%2Fv2%2Fmedia&parent=16002"}],"curies":[{"name":"wp","href":"https:\/\/api.w.org\/{rel}","templated":true}]}}